{"id":94,"date":"2022-04-08T23:37:04","date_gmt":"2022-04-08T23:37:04","guid":{"rendered":"https:\/\/wcw-folientechnik.de\/?page_id=94"},"modified":"2026-01-07T10:50:58","modified_gmt":"2026-01-07T10:50:58","slug":"impressum","status":"publish","type":"page","link":"https:\/\/wcw-folientechnik.de\/?page_id=94","title":{"rendered":"Impressum"},"content":{"rendered":"\t\t<div data-elementor-type=\"wp-page\" data-elementor-id=\"94\" class=\"elementor elementor-94\" data-elementor-post-type=\"page\">\n\t\t\t\t\t\t<section class=\"elementor-section elementor-top-section elementor-element elementor-element-587f4d6a elementor-section-content-middle elementor-section-boxed elementor-section-height-default elementor-section-height-default\" data-id=\"587f4d6a\" data-element_type=\"section\" data-e-type=\"section\" data-settings=\"{&quot;background_background&quot;:&quot;classic&quot;}\">\n\t\t\t\t\t\t<div class=\"elementor-container elementor-column-gap-no\">\n\t\t\t\t\t<div class=\"elementor-column elementor-col-50 elementor-top-column elementor-element elementor-element-6edd171d\" data-id=\"6edd171d\" data-element_type=\"column\" data-e-type=\"column\">\n\t\t\t<div class=\"elementor-widget-wrap elementor-element-populated\">\n\t\t\t\t\t\t<div class=\"elementor-element elementor-element-549066c7 elementor-widget-divider--view-line elementor-widget elementor-widget-divider\" data-id=\"549066c7\" data-element_type=\"widget\" data-e-type=\"widget\" data-widget_type=\"divider.default\">\n\t\t\t\t<div class=\"elementor-widget-container\">\n\t\t\t\t\t\t\t<div class=\"elementor-divider\">\n\t\t\t<span class=\"elementor-divider-separator\">\n\t\t\t\t\t\t<\/span>\n\t\t<\/div>\n\t\t\t\t\t\t<\/div>\n\t\t\t\t<\/div>\n\t\t\t\t<div class=\"elementor-element elementor-element-456d83c5 elementor-widget elementor-widget-heading\" data-id=\"456d83c5\" data-element_type=\"widget\" data-e-type=\"widget\" data-widget_type=\"heading.default\">\n\t\t\t\t<div class=\"elementor-widget-container\">\n\t\t\t\t\t<h4 class=\"elementor-heading-title elementor-size-default\">Impressum<\/h4>\t\t\t\t<\/div>\n\t\t\t\t<\/div>\n\t\t\t\t\t<\/div>\n\t\t<\/div>\n\t\t\t\t<div class=\"elementor-column elementor-col-50 elementor-top-column elementor-element elementor-element-60d0da2\" data-id=\"60d0da2\" data-element_type=\"column\" data-e-type=\"column\">\n\t\t\t<div class=\"elementor-widget-wrap elementor-element-populated\">\n\t\t\t\t\t\t<div class=\"elementor-element elementor-element-349d4cc8 elementor-widget elementor-widget-text-editor\" data-id=\"349d4cc8\" data-element_type=\"widget\" data-e-type=\"widget\" data-widget_type=\"text-editor.default\">\n\t\t\t\t<div class=\"elementor-widget-container\">\n\t\t\t\t\t\t\t\t\t<p>Angaben gem\u00e4\u00df \u00a7 5 TMG\u00a0<\/p><p>WCW Folientechnik<br \/>Inhaber: Witali Janzen<br \/>Fritz-Linde-Str. 18<br \/>58566 Kierspe<\/p><p>Kontakt<br \/>Mobil: +49 176 787 55 6 22<br \/>E-Mail: info(at)wcw-folientechnik.de<br \/><br \/><span style=\"text-decoration: underline;\"><strong>Streitbeilegung<\/strong><\/span><br \/><br \/>Wir sind weder bereit noch verpflichtet, an Streitbeilegungsverfahren vor einer Verbraucherschlichtungsstelle teilzunehmen.<\/p><p><span style=\"text-decoration: underline;\"><strong>Haftung f\u00fcr Inhalte<\/strong><\/span><\/p><p>Als Diensteanbieter sind wir gem\u00e4\u00df \u00a7 7 Abs.1 TMG f\u00fcr eigene Inhalte auf diesen Seiten nach den allgemeinen Gesetzen verantwortlich. Nach \u00a7\u00a7 8 bis 10 TMG sind wir als Diensteanbieter jedoch nicht verpflichtet, \u00fcbermittelte oder gespeicherte fremde Informationen zu \u00fcberwachen oder nach Umst\u00e4nden zu forschen, die auf eine rechtswidrige T\u00e4tigkeit hinweisen.<\/p><p>Verpflichtungen zur Entfernung oder Sperrung der Nutzung von Informationen nach den allgemeinen Gesetzen bleiben hiervon unber\u00fchrt. Eine diesbez\u00fcgliche Haftung ist jedoch erst ab dem Zeitpunkt der Kenntnis einer konkreten Rechtsverletzung m\u00f6glich. Bei Bekanntwerden von entsprechenden Rechtsverletzungen werden wir diese Inhalte umgehend entfernen.\u00a0<\/p><p><span style=\"text-decoration: underline;\"><strong>Haftung f\u00fcr Links<\/strong><\/span><\/p><p>Unser Angebot enth\u00e4lt Links zu externen Websites Dritter, auf deren Inhalte wir keinen Einfluss haben. Deshalb k\u00f6nnen wir f\u00fcr diese fremden Inhalte auch keine Gew\u00e4hr \u00fcbernehmen. F\u00fcr die Inhalte der<\/p><p>verlinkten Seiten ist stets der jeweilige Anbieter oder Betreiber der Seiten verantwortlich. Die verlinkten Seiten wurden zum Zeitpunkt der Verlinkung auf m\u00f6gliche Rechtsverst\u00f6\u00dfe \u00fcberpr\u00fcft. Rechtswidrige Inhalte waren zum Zeitpunkt der Verlinkung nicht erkennbar.<\/p><p>Eine permanente inhaltliche Kontrolle der verlinkten Seiten ist jedoch ohne konkrete Anhaltspunkte einer Rechtsverletzung nicht zumutbar. Bei Bekanntwerden von Rechtsverletzungen werden wir derartige Links umgehend entfernen.<\/p><p><span style=\"text-decoration: underline;\"><strong>Urheberrecht<\/strong><\/span><\/p><p>Die durch die Seitenbetreiber erstellten Inhalte und Werke auf diesen Seiten unterliegen dem deutschen Urheberrecht. Die Vervielf\u00e4ltigung, Bearbeitung, Verbreitung und jede Art der Verwertung au\u00dferhalb der Grenzen des Urheberrechtes bed\u00fcrfen der schriftlichen Zustimmung des jeweiligen Autors bzw. Erstellers. Downloads und Kopien dieser Seite sind nur f\u00fcr den privaten, nicht kommerziellen Gebrauch gestattet.<\/p><p>Soweit die Inhalte auf dieser Seite nicht vom Betreiber erstellt wurden, werden die Urheberrechte Dritter beachtet. Insbesondere werden Inhalte Dritter als solche gekennzeichnet. Sollten Sie trotzdem auf eine Urheberrechtsverletzung aufmerksam werden, bitten wir um einen entsprechenden Hinweis. Bei Bekanntwerden von Rechtsverletzungen werden wir derartige Inhalte umgehend entfernen.<\/p>\t\t\t\t\t\t\t\t<\/div>\n\t\t\t\t<\/div>\n\t\t\t\t<div class=\"elementor-element elementor-element-973ebb8 elementor-nav-menu--dropdown-none elementor-widget elementor-widget-nav-menu\" data-id=\"973ebb8\" data-element_type=\"widget\" data-e-type=\"widget\" data-settings=\"{&quot;layout&quot;:&quot;horizontal&quot;,&quot;submenu_icon&quot;:{&quot;value&quot;:&quot;&lt;i class=\\&quot;fas fa-caret-down\\&quot; aria-hidden=\\&quot;true\\&quot;&gt;&lt;\\\/i&gt;&quot;,&quot;library&quot;:&quot;fa-solid&quot;}}\" data-widget_type=\"nav-menu.default\">\n\t\t\t\t<div class=\"elementor-widget-container\">\n\t\t\t\t\t\t\t\t<nav aria-label=\"Men\u00fc\" class=\"elementor-nav-menu--main elementor-nav-menu__container elementor-nav-menu--layout-horizontal e--pointer-underline e--animation-fade\">\n\t\t\t\t<ul id=\"menu-1-973ebb8\" class=\"elementor-nav-menu\"><li class=\"menu-item menu-item-type-post_type menu-item-object-page menu-item-home menu-item-102\"><a href=\"https:\/\/wcw-folientechnik.de\/\" class=\"elementor-item\">Home<\/a><\/li>\n<li class=\"menu-item menu-item-type-post_type menu-item-object-page menu-item-103\"><a href=\"https:\/\/wcw-folientechnik.de\/?page_id=94\" class=\"elementor-item\">Impressum<\/a><\/li>\n<li class=\"menu-item menu-item-type-post_type menu-item-object-page menu-item-108\"><a href=\"https:\/\/wcw-folientechnik.de\/?page_id=107\" class=\"elementor-item\">Datenschutzerkl\u00e4rung<\/a><\/li>\n<\/ul>\t\t\t<\/nav>\n\t\t\t\t\t\t<nav class=\"elementor-nav-menu--dropdown elementor-nav-menu__container\" aria-hidden=\"true\">\n\t\t\t\t<ul id=\"menu-2-973ebb8\" class=\"elementor-nav-menu\"><li class=\"menu-item menu-item-type-post_type menu-item-object-page menu-item-home menu-item-102\"><a href=\"https:\/\/wcw-folientechnik.de\/\" class=\"elementor-item\" tabindex=\"-1\">Home<\/a><\/li>\n<li class=\"menu-item menu-item-type-post_type menu-item-object-page menu-item-103\"><a href=\"https:\/\/wcw-folientechnik.de\/?page_id=94\" class=\"elementor-item\" tabindex=\"-1\">Impressum<\/a><\/li>\n<li class=\"menu-item menu-item-type-post_type menu-item-object-page menu-item-108\"><a href=\"https:\/\/wcw-folientechnik.de\/?page_id=107\" class=\"elementor-item\" tabindex=\"-1\">Datenschutzerkl\u00e4rung<\/a><\/li>\n<\/ul>\t\t\t<\/nav>\n\t\t\t\t\t\t<\/div>\n\t\t\t\t<\/div>\n\t\t\t\t\t<\/div>\n\t\t<\/div>\n\t\t\t\t\t<\/div>\n\t\t<\/section>\n\t\t\t\t<\/div>\n\t\t","protected":false},"excerpt":{"rendered":"<p>Impressum Angaben gem\u00e4\u00df \u00a7 5 TMG\u00a0 WCW FolientechnikInhaber: Witali JanzenFritz-Linde-Str. 1858566 Kierspe KontaktMobil: +49 176 787 55 6 22E-Mail: info(at)wcw-folientechnik.de Streitbeilegung Wir sind weder bereit noch verpflichtet, an Streitbeilegungsverfahren vor einer Verbraucherschlichtungsstelle teilzunehmen. Haftung f\u00fcr Inhalte Als Diensteanbieter sind wir gem\u00e4\u00df \u00a7 7 Abs.1 TMG f\u00fcr eigene Inhalte auf diesen Seiten nach den allgemeinen Gesetzen [&hellip;]<\/p>\n","protected":false},"author":1,"featured_media":0,"parent":0,"menu_order":0,"comment_status":"closed","ping_status":"closed","template":"elementor_canvas","meta":{"footnotes":""},"class_list":["post-94","page","type-page","status-publish","hentry"],"yoast_head":"<!-- This site is optimized with the Yoast SEO plugin v27.5 - https:\/\/yoast.com\/product\/yoast-seo-wordpress\/ -->\n<title>Impressum - WCW Folientechnik<\/title>\n<meta name=\"robots\" content=\"index, follow, max-snippet:-1, max-image-preview:large, max-video-preview:-1\" \/>\n<link rel=\"canonical\" href=\"https:\/\/wcw-folientechnik.de\/?page_id=94\" \/>\n<meta property=\"og:locale\" content=\"de_DE\" \/>\n<meta property=\"og:type\" content=\"article\" \/>\n<meta property=\"og:title\" content=\"Impressum - WCW Folientechnik\" \/>\n<meta property=\"og:description\" content=\"Impressum Angaben gem\u00e4\u00df \u00a7 5 TMG\u00a0 WCW FolientechnikInhaber: Witali JanzenFritz-Linde-Str. 1858566 Kierspe KontaktMobil: +49 176 787 55 6 22E-Mail: info(at)wcw-folientechnik.de Streitbeilegung Wir sind weder bereit noch verpflichtet, an Streitbeilegungsverfahren vor einer Verbraucherschlichtungsstelle teilzunehmen. Haftung f\u00fcr Inhalte Als Diensteanbieter sind wir gem\u00e4\u00df \u00a7 7 Abs.1 TMG f\u00fcr eigene Inhalte auf diesen Seiten nach den allgemeinen Gesetzen [&hellip;]\" \/>\n<meta property=\"og:url\" content=\"https:\/\/wcw-folientechnik.de\/?page_id=94\" \/>\n<meta property=\"og:site_name\" content=\"WCW Folientechnik\" \/>\n<meta property=\"article:modified_time\" content=\"2026-01-07T10:50:58+00:00\" \/>\n<meta name=\"twitter:card\" content=\"summary_large_image\" \/>\n<meta name=\"twitter:label1\" content=\"Gesch\u00e4tzte Lesezeit\" \/>\n\t<meta name=\"twitter:data1\" content=\"2\u00a0Minuten\" \/>\n<script type=\"application\/ld+json\" class=\"yoast-schema-graph\">{\"@context\":\"https:\\\/\\\/schema.org\",\"@graph\":[{\"@type\":\"WebPage\",\"@id\":\"https:\\\/\\\/wcw-folientechnik.de\\\/?page_id=94\",\"url\":\"https:\\\/\\\/wcw-folientechnik.de\\\/?page_id=94\",\"name\":\"Impressum - WCW Folientechnik\",\"isPartOf\":{\"@id\":\"https:\\\/\\\/wcw-folientechnik.de\\\/#website\"},\"datePublished\":\"2022-04-08T23:37:04+00:00\",\"dateModified\":\"2026-01-07T10:50:58+00:00\",\"breadcrumb\":{\"@id\":\"https:\\\/\\\/wcw-folientechnik.de\\\/?page_id=94#breadcrumb\"},\"inLanguage\":\"de\",\"potentialAction\":[{\"@type\":\"ReadAction\",\"target\":[\"https:\\\/\\\/wcw-folientechnik.de\\\/?page_id=94\"]}]},{\"@type\":\"BreadcrumbList\",\"@id\":\"https:\\\/\\\/wcw-folientechnik.de\\\/?page_id=94#breadcrumb\",\"itemListElement\":[{\"@type\":\"ListItem\",\"position\":1,\"name\":\"Startseite\",\"item\":\"https:\\\/\\\/wcw-folientechnik.de\\\/\"},{\"@type\":\"ListItem\",\"position\":2,\"name\":\"Impressum\"}]},{\"@type\":\"WebSite\",\"@id\":\"https:\\\/\\\/wcw-folientechnik.de\\\/#website\",\"url\":\"https:\\\/\\\/wcw-folientechnik.de\\\/\",\"name\":\"WCW Folientechnik\",\"description\":\"seit 2013\",\"publisher\":{\"@id\":\"https:\\\/\\\/wcw-folientechnik.de\\\/#organization\"},\"potentialAction\":[{\"@type\":\"SearchAction\",\"target\":{\"@type\":\"EntryPoint\",\"urlTemplate\":\"https:\\\/\\\/wcw-folientechnik.de\\\/?s={search_term_string}\"},\"query-input\":{\"@type\":\"PropertyValueSpecification\",\"valueRequired\":true,\"valueName\":\"search_term_string\"}}],\"inLanguage\":\"de\"},{\"@type\":\"Organization\",\"@id\":\"https:\\\/\\\/wcw-folientechnik.de\\\/#organization\",\"name\":\"WCW Folientechnik\",\"url\":\"https:\\\/\\\/wcw-folientechnik.de\\\/\",\"logo\":{\"@type\":\"ImageObject\",\"inLanguage\":\"de\",\"@id\":\"https:\\\/\\\/wcw-folientechnik.de\\\/#\\\/schema\\\/logo\\\/image\\\/\",\"url\":\"https:\\\/\\\/wcw-folientechnik.de\\\/wp-content\\\/uploads\\\/2022\\\/04\\\/WCW-Folientechnik-Wallpaper2.jpg\",\"contentUrl\":\"https:\\\/\\\/wcw-folientechnik.de\\\/wp-content\\\/uploads\\\/2022\\\/04\\\/WCW-Folientechnik-Wallpaper2.jpg\",\"width\":2500,\"height\":1667,\"caption\":\"WCW Folientechnik\"},\"image\":{\"@id\":\"https:\\\/\\\/wcw-folientechnik.de\\\/#\\\/schema\\\/logo\\\/image\\\/\"}}]}<\/script>\n<!-- \/ Yoast SEO plugin. -->","yoast_head_json":{"title":"Impressum - WCW Folientechnik","robots":{"index":"index","follow":"follow","max-snippet":"max-snippet:-1","max-image-preview":"max-image-preview:large","max-video-preview":"max-video-preview:-1"},"canonical":"https:\/\/wcw-folientechnik.de\/?page_id=94","og_locale":"de_DE","og_type":"article","og_title":"Impressum - WCW Folientechnik","og_description":"Impressum Angaben gem\u00e4\u00df \u00a7 5 TMG\u00a0 WCW FolientechnikInhaber: Witali JanzenFritz-Linde-Str. 1858566 Kierspe KontaktMobil: +49 176 787 55 6 22E-Mail: info(at)wcw-folientechnik.de Streitbeilegung Wir sind weder bereit noch verpflichtet, an Streitbeilegungsverfahren vor einer Verbraucherschlichtungsstelle teilzunehmen. Haftung f\u00fcr Inhalte Als Diensteanbieter sind wir gem\u00e4\u00df \u00a7 7 Abs.1 TMG f\u00fcr eigene Inhalte auf diesen Seiten nach den allgemeinen Gesetzen [&hellip;]","og_url":"https:\/\/wcw-folientechnik.de\/?page_id=94","og_site_name":"WCW Folientechnik","article_modified_time":"2026-01-07T10:50:58+00:00","twitter_card":"summary_large_image","twitter_misc":{"Gesch\u00e4tzte Lesezeit":"2\u00a0Minuten"},"schema":{"@context":"https:\/\/schema.org","@graph":[{"@type":"WebPage","@id":"https:\/\/wcw-folientechnik.de\/?page_id=94","url":"https:\/\/wcw-folientechnik.de\/?page_id=94","name":"Impressum - WCW Folientechnik","isPartOf":{"@id":"https:\/\/wcw-folientechnik.de\/#website"},"datePublished":"2022-04-08T23:37:04+00:00","dateModified":"2026-01-07T10:50:58+00:00","breadcrumb":{"@id":"https:\/\/wcw-folientechnik.de\/?page_id=94#breadcrumb"},"inLanguage":"de","potentialAction":[{"@type":"ReadAction","target":["https:\/\/wcw-folientechnik.de\/?page_id=94"]}]},{"@type":"BreadcrumbList","@id":"https:\/\/wcw-folientechnik.de\/?page_id=94#breadcrumb","itemListElement":[{"@type":"ListItem","position":1,"name":"Startseite","item":"https:\/\/wcw-folientechnik.de\/"},{"@type":"ListItem","position":2,"name":"Impressum"}]},{"@type":"WebSite","@id":"https:\/\/wcw-folientechnik.de\/#website","url":"https:\/\/wcw-folientechnik.de\/","name":"WCW Folientechnik","description":"seit 2013","publisher":{"@id":"https:\/\/wcw-folientechnik.de\/#organization"},"potentialAction":[{"@type":"SearchAction","target":{"@type":"EntryPoint","urlTemplate":"https:\/\/wcw-folientechnik.de\/?s={search_term_string}"},"query-input":{"@type":"PropertyValueSpecification","valueRequired":true,"valueName":"search_term_string"}}],"inLanguage":"de"},{"@type":"Organization","@id":"https:\/\/wcw-folientechnik.de\/#organization","name":"WCW Folientechnik","url":"https:\/\/wcw-folientechnik.de\/","logo":{"@type":"ImageObject","inLanguage":"de","@id":"https:\/\/wcw-folientechnik.de\/#\/schema\/logo\/image\/","url":"https:\/\/wcw-folientechnik.de\/wp-content\/uploads\/2022\/04\/WCW-Folientechnik-Wallpaper2.jpg","contentUrl":"https:\/\/wcw-folientechnik.de\/wp-content\/uploads\/2022\/04\/WCW-Folientechnik-Wallpaper2.jpg","width":2500,"height":1667,"caption":"WCW Folientechnik"},"image":{"@id":"https:\/\/wcw-folientechnik.de\/#\/schema\/logo\/image\/"}}]}},"_links":{"self":[{"href":"https:\/\/wcw-folientechnik.de\/index.php?rest_route=\/wp\/v2\/pages\/94","targetHints":{"allow":["GET"]}}],"collection":[{"href":"https:\/\/wcw-folientechnik.de\/index.php?rest_route=\/wp\/v2\/pages"}],"about":[{"href":"https:\/\/wcw-folientechnik.de\/index.php?rest_route=\/wp\/v2\/types\/page"}],"author":[{"embeddable":true,"href":"https:\/\/wcw-folientechnik.de\/index.php?rest_route=\/wp\/v2\/users\/1"}],"replies":[{"embeddable":true,"href":"https:\/\/wcw-folientechnik.de\/index.php?rest_route=%2Fwp%2Fv2%2Fcomments&post=94"}],"version-history":[{"count":22,"href":"https:\/\/wcw-folientechnik.de\/index.php?rest_route=\/wp\/v2\/pages\/94\/revisions"}],"predecessor-version":[{"id":185,"href":"https:\/\/wcw-folientechnik.de\/index.php?rest_route=\/wp\/v2\/pages\/94\/revisions\/185"}],"wp:attachment":[{"href":"https:\/\/wcw-folientechnik.de\/index.php?rest_route=%2Fwp%2Fv2%2Fmedia&parent=94"}],"curies":[{"name":"wp","href":"https:\/\/api.w.org\/{rel}","templated":true}]}}